{"id":531,"date":"2016-06-15T00:24:04","date_gmt":"2016-06-15T00:24:04","guid":{"rendered":"https:\/\/elementor3.thembay.com\/puca_smarket2\/?page_id=531"},"modified":"2025-11-17T03:41:06","modified_gmt":"2025-11-16T22:41:06","slug":"nosotros","status":"publish","type":"page","link":"https:\/\/textilcute.com\/en\/nosotros\/","title":{"rendered":"Nosotros"},"content":{"rendered":"\t\t<div data-elementor-type=\"wp-page\" data-elementor-id=\"531\" class=\"elementor elementor-531\" data-elementor-post-type=\"page\">\n\t\t\t\t\t\t<section class=\"elementor-section elementor-top-section elementor-element elementor-element-3e84902d elementor-section-boxed elementor-section-height-default elementor-section-height-default\" data-id=\"3e84902d\" data-element_type=\"section\" data-e-type=\"section\">\n\t\t\t\t\t\t<div class=\"elementor-container elementor-column-gap-default\">\n\t\t\t\t\t<div class=\"elementor-column elementor-col-100 elementor-top-column elementor-element elementor-element-459c9c3a\" data-id=\"459c9c3a\" data-element_type=\"column\" data-e-type=\"column\">\n\t\t\t<div class=\"elementor-widget-wrap elementor-element-populated\">\n\t\t\t\t\t\t<div class=\"elementor-element elementor-element-5ea4caef title-about elementor-widget elementor-widget-tbay-heading\" data-id=\"5ea4caef\" data-element_type=\"widget\" data-e-type=\"widget\" data-widget_type=\"tbay-heading.default\">\n\t\t\t\t<div class=\"elementor-widget-container\">\n\t\t\t\t\t\r\n<div class=\"widget tbay-element tbay-element-heading title-about widget-text-heading \">\r\n\t\t\t\t<h1 class=\"heading-tbay-title widget-title\">\r\n\t\t\t\t\t\t\t\t\t<span class=\"title\">No Somos Otra Tienda de Decoraci\u00f3n<\/span>\r\n\t\t\t\t\t    \t\r\n\t\t\t\t\t\t\t<\/h1>\r\n\t\t<\/div>\t\t\t\t<\/div>\n\t\t\t\t<\/div>\n\t\t\t\t\t<\/div>\n\t\t<\/div>\n\t\t\t\t\t<\/div>\n\t\t<\/section>\n\t\t\t\t<section class=\"elementor-section elementor-top-section elementor-element elementor-element-79479e58 elementor-section-boxed elementor-section-height-default elementor-section-height-default\" data-id=\"79479e58\" data-element_type=\"section\" data-e-type=\"section\">\n\t\t\t\t\t\t<div class=\"elementor-container elementor-column-gap-default\">\n\t\t\t\t\t<div class=\"elementor-column elementor-col-16 elementor-top-column elementor-element elementor-element-47044912\" data-id=\"47044912\" data-element_type=\"column\" data-e-type=\"column\">\n\t\t\t<div class=\"elementor-widget-wrap\">\n\t\t\t\t\t\t\t<\/div>\n\t\t<\/div>\n\t\t\t\t<div class=\"elementor-column elementor-col-66 elementor-top-column elementor-element elementor-element-2859be0f\" data-id=\"2859be0f\" data-element_type=\"column\" data-e-type=\"column\">\n\t\t\t<div class=\"elementor-widget-wrap elementor-element-populated\">\n\t\t\t\t\t\t<div class=\"elementor-element elementor-element-5a1d3166 elementor-widget elementor-widget-text-editor\" data-id=\"5a1d3166\" data-element_type=\"widget\" data-e-type=\"widget\" data-widget_type=\"text-editor.default\">\n\t\t\t\t<div class=\"elementor-widget-container\">\n\t\t\t\t\t\t\t\t\t<p>En Textil Cute, no vendemos &#8220;cosas&#8221;. Somos curadores de &#8220;hacks&#8221;. Creemos que la funcionalidad puede (y debe) ser divertida.[25] Nuestro equipo pasa horas buscando los productos m\u00e1s ingeniosos del mundo&#8230;[26] para que t\u00fa solo tengas que disfrutarlos. Bienvenidos a la curadur\u00eda de lo ingenioso.<\/p>\t\t\t\t\t\t\t\t<\/div>\n\t\t\t\t<\/div>\n\t\t\t\t\t<\/div>\n\t\t<\/div>\n\t\t\t\t<div class=\"elementor-column elementor-col-16 elementor-top-column elementor-element elementor-element-5cf9af74\" data-id=\"5cf9af74\" data-element_type=\"column\" data-e-type=\"column\">\n\t\t\t<div class=\"elementor-widget-wrap\">\n\t\t\t\t\t\t\t<\/div>\n\t\t<\/div>\n\t\t\t\t\t<\/div>\n\t\t<\/section>\n\t\t\t\t<section class=\"elementor-section elementor-top-section elementor-element elementor-element-22f5cd2d elementor-section-full_width elementor-section-stretched elementor-section-height-default elementor-section-height-default\" data-id=\"22f5cd2d\" data-element_type=\"section\" data-e-type=\"section\" data-settings=\"{&quot;background_background&quot;:&quot;classic&quot;,&quot;stretch_section&quot;:&quot;section-stretched&quot;}\">\n\t\t\t\t\t\t<div class=\"elementor-container elementor-column-gap-default\">\n\t\t\t\t\t<div class=\"elementor-column elementor-col-100 elementor-top-column elementor-element elementor-element-2cef3d16\" data-id=\"2cef3d16\" data-element_type=\"column\" data-e-type=\"column\">\n\t\t\t<div class=\"elementor-widget-wrap elementor-element-populated\">\n\t\t\t\t\t\t<section class=\"elementor-section elementor-inner-section elementor-element elementor-element-641c6fbc elementor-section-boxed elementor-section-height-default elementor-section-height-default\" data-id=\"641c6fbc\" data-element_type=\"section\" data-e-type=\"section\">\n\t\t\t\t\t\t<div class=\"elementor-container elementor-column-gap-default\">\n\t\t\t\t\t<div class=\"elementor-column elementor-col-100 elementor-inner-column elementor-element elementor-element-2f6f98bd\" data-id=\"2f6f98bd\" data-element_type=\"column\" data-e-type=\"column\">\n\t\t\t<div class=\"elementor-widget-wrap elementor-element-populated\">\n\t\t\t\t\t\t<div class=\"elementor-element elementor-element-11fbc095 elementor-widget elementor-widget-tbay-features\" data-id=\"11fbc095\" data-element_type=\"widget\" data-e-type=\"widget\" data-widget_type=\"tbay-features.default\">\n\t\t\t\t<div class=\"elementor-widget-container\">\n\t\t\t\t\t\r\n<div class=\"widget tbay-element tbay-element-features widget widget-features style2\">\r\n    <div class=\"widget-content feature-box-group\" data-count=\"3\">\r\n        \r\n            <div class=\"feature-box\">\r\n\r\n                 \r\n        <div class=\"inner\"> \r\n                    <div class=\"fbox-icon elementor-icon\">\r\n                            <div class=\"icon-inner\"><i aria-hidden=\"true\" class=\"icon- icon-plane\"><\/i><\/div>\r\n                    <\/div>\r\n\r\n                    <div class=\"fbox-content\">\r\n                                    <h3 class=\"ourservice-heading\">\r\n                        Env\u00edo R\u00e1pido a todo el Per\u00fa                    <\/h3>\r\n                                    <p class=\"description\">\r\n                        Recibe tus productos virales en tiempo r\u00e9cord, con env\u00edos a todo el Per\u00fa desde Lima.                    <\/p>\r\n                            <\/div>\r\n                <\/div>\r\n                        \r\n            <\/div>\r\n\r\n        \r\n            <div class=\"feature-box\">\r\n\r\n                 \r\n        <div class=\"inner\"> \r\n                    <div class=\"fbox-icon elementor-icon\">\r\n                            <div class=\"icon-inner\"><i aria-hidden=\"true\" class=\"icon- icon-fire\"><\/i><\/div>\r\n                    <\/div>\r\n\r\n                    <div class=\"fbox-content\">\r\n                                    <h3 class=\"ourservice-heading\">\r\n                        Compra 100% Segura                    <\/h3>\r\n                                    <p class=\"description\">\r\n                        Compra con total confianza gracias a nuestra pasarela de pago 100% segura y encriptada.                    <\/p>\r\n                            <\/div>\r\n                <\/div>\r\n                        \r\n            <\/div>\r\n\r\n        \r\n            <div class=\"feature-box\">\r\n\r\n                 \r\n        <div class=\"inner\"> \r\n                    <div class=\"fbox-icon elementor-icon\">\r\n                            <div class=\"icon-inner\"><i aria-hidden=\"true\" class=\"icon- icon-umbrella\"><\/i><\/div>\r\n                    <\/div>\r\n\r\n                    <div class=\"fbox-content\">\r\n                                    <h3 class=\"ourservice-heading\">\r\n                        Lo Probamos por Ti                    <\/h3>\r\n                                    <p class=\"description\">\r\n                        Somos tu filtro anti-decepciones: probamos cada gadget  para asegurar que S\u00cd funciona.                    <\/p>\r\n                            <\/div>\r\n                <\/div>\r\n                        \r\n            <\/div>\r\n\r\n            <\/div>\r\n<\/div>\t\t\t\t<\/div>\n\t\t\t\t<\/div>\n\t\t\t\t\t<\/div>\n\t\t<\/div>\n\t\t\t\t\t<\/div>\n\t\t<\/section>\n\t\t\t\t\t<\/div>\n\t\t<\/div>\n\t\t\t\t\t<\/div>\n\t\t<\/section>\n\t\t\t\t<\/div>\n\t\t","protected":false},"excerpt":{"rendered":"<p>No Somos Otra Tienda de Decoraci\u00f3n En Textil Cute, no vendemos &#8220;cosas&#8221;. Somos curadores de &#8220;hacks&#8221;. Creemos que la funcionalidad puede (y debe) ser divertida.[25] Nuestro equipo pasa horas buscando los productos m\u00e1s ingeniosos del mundo&#8230;[26] para que t\u00fa solo tengas que disfrutarlos. Bienvenidos a la curadur\u00eda de lo ingenioso. Env\u00edo R\u00e1pido a todo el &hellip; <a href=\"https:\/\/textilcute.com\/en\/nosotros\/\" class=\"more-link\">Continue reading <span class=\"screen-reader-text\">Nosotros<\/span><\/a><\/p>\n","protected":false},"author":1,"featured_media":0,"parent":0,"menu_order":0,"comment_status":"closed","ping_status":"closed","template":"","meta":{"footnotes":""},"class_list":["post-531","page","type-page","status-publish","hentry"],"_links":{"self":[{"href":"https:\/\/textilcute.com\/en\/wp-json\/wp\/v2\/pages\/531","targetHints":{"allow":["GET"]}}],"collection":[{"href":"https:\/\/textilcute.com\/en\/wp-json\/wp\/v2\/pages"}],"about":[{"href":"https:\/\/textilcute.com\/en\/wp-json\/wp\/v2\/types\/page"}],"author":[{"embeddable":true,"href":"https:\/\/textilcute.com\/en\/wp-json\/wp\/v2\/users\/1"}],"replies":[{"embeddable":true,"href":"https:\/\/textilcute.com\/en\/wp-json\/wp\/v2\/comments?post=531"}],"version-history":[{"count":5,"href":"https:\/\/textilcute.com\/en\/wp-json\/wp\/v2\/pages\/531\/revisions"}],"predecessor-version":[{"id":5754,"href":"https:\/\/textilcute.com\/en\/wp-json\/wp\/v2\/pages\/531\/revisions\/5754"}],"wp:attachment":[{"href":"https:\/\/textilcute.com\/en\/wp-json\/wp\/v2\/media?parent=531"}],"curies":[{"name":"wp","href":"https:\/\/api.w.org\/{rel}","templated":true}]}}